{"id":11087,"date":"2020-12-17T13:12:55","date_gmt":"2020-12-17T13:12:55","guid":{"rendered":"https:\/\/itac.es\/projects-8\/"},"modified":"2025-03-12T10:19:27","modified_gmt":"2025-03-12T10:19:27","slug":"projects-8","status":"publish","type":"page","link":"https:\/\/itac.es\/en\/projects-8\/","title":{"rendered":"Projects"},"content":{"rendered":"\t\t<div data-elementor-type=\"wp-page\" data-elementor-id=\"11087\" class=\"elementor elementor-11087 elementor-9030\">\n\t\t\t\t\t\t\t\t\t<section class=\"elementor-section elementor-top-section elementor-element elementor-element-3675b2d elementor-section-full_width elementor-section-height-default elementor-section-height-default\" data-id=\"3675b2d\" data-element_type=\"section\">\n\t\t\t\t\t\t<div class=\"elementor-container elementor-column-gap-default\">\n\t\t\t\t\t<div class=\"elementor-column elementor-col-100 elementor-top-column elementor-element elementor-element-6cee362\" data-id=\"6cee362\" data-element_type=\"column\">\n\t\t\t<div class=\"elementor-widget-wrap elementor-element-populated\">\n\t\t\t\t\t\t\t\t<div class=\"elementor-element elementor-element-a1a154f elementor-hidden-desktop elementor-hidden-tablet elementor-hidden-mobile elementor-widget elementor-widget-ld_portfolio\" data-id=\"a1a154f\" data-element_type=\"widget\" data-widget_type=\"ld_portfolio.default\">\n\t\t\t\t<div class=\"elementor-widget-container\">\n\t\t\t<div class=\"lqd-pf-grid lqd-pf-grid-a1a154f\">\t\t\t\r\n<div class=\"liquid-filter-items align-items-center justify-content-center\">\t\r\n\t<div class=\"liquid-filter-items-inner flex-grow-1\">\r\n\t\t\r\n\t\t\t\t\t<span class=\"liquid-filter-items-label  size-lg font-weight-normal \">Categor\u00eda<\/span>\r\n\t\t\r\n\t\t<ul class=\"filter-list filter-list-inline   filter-list-decorated filters-underline  font-weight-medium d-flex align-items-center hidden-xs hidden-sm\" id=\"lqd-pf-filter-60afbc30d0fa7\">\r\n\t\t\t<li class=\"active\" data-filter=\"*\"><span>Todos<\/span><\/li>\r\n\t\t\t<li data-filter=\".agua-y-saneamiento-en\"><span>Agua y saneamiento<\/span><\/li><li data-filter=\".energia-en\"><span>Energia<\/span><\/li><li data-filter=\".finanzas-publicas-en\"><span>Finanzas p\u00fablicas<\/span><\/li><li data-filter=\".gestion-de-cuencas-en\"><span>Gesti\u00f3n de cuencas<\/span><\/li><li data-filter=\".transporte-en\"><span>Transporte<\/span><\/li><li data-filter=\".turismo-en\"><span>Turismo<\/span><\/li>\t\t<\/ul>\r\n\r\n\t\t<div class=\"lqd-filter-dropdown visible-xs visible-sm\" data-form-options='{ \"dropdownAppendTo\": \"self\" }'>\r\n\t\t\t<select name=\"lqd-filter-dropdown-lqd-pf-filter-60afbc30d0fa7\" id=\"lqd-filter-dropdown-lqd-pf-filter-60afbc30d0fa7\">\r\n\t\t\t\t<option selected data-filter=\"*\" value=\"*\">Todos<\/option>\r\n\t\t\t\t<option data-filter=\".agua-y-saneamiento-en\" value=\".agua-y-saneamiento-en\">Agua y saneamiento<\/option><option data-filter=\".energia-en\" value=\".energia-en\">Energia<\/option><option data-filter=\".finanzas-publicas-en\" value=\".finanzas-publicas-en\">Finanzas p\u00fablicas<\/option><option data-filter=\".gestion-de-cuencas-en\" value=\".gestion-de-cuencas-en\">Gesti\u00f3n de cuencas<\/option><option data-filter=\".transporte-en\" value=\".transporte-en\">Transporte<\/option><option data-filter=\".turismo-en\" value=\".turismo-en\">Turismo<\/option>\t\t\t<\/select>\r\n\t\t<\/div>\r\n\t\t\t\r\n\t\t\t\t\t\t\t\r\n\t\t\t\r\n\t<\/div>\r\n<\/div><div id=\"lqd-pf-grid-a1a154f\" class=\"lqd-pf-row row d-flex flex-wrap lqd-pf-grid-a1a154f\" data-liquid-masonry=\"true\" data-masonry-options='{ \"filtersID\": \"#lqd-pf-filter-60afbc30d0fa7\" }'>\n<div class=\"lqd-pf-column col-md-6 col-sm-6 col-xs-12 col-sm-6 col-xs-12 masonry-item finanzas-publicas-en\">\n\n\t<article id=\"post-11243\" class=\"lqd-pf-item lqd-pf-item-style-2 lqd-pf-overlay-bg-scale lqd-pf-color-custom pf-details-h-mid post-11243 liquid-portfolio type-liquid-portfolio status-publish format-standard has-post-thumbnail hentry liquid-portfolio-category-finanzas-publicas-en\">\n\t\t<div class=\"lqd-pf-item-inner\">\n\n\t\t\t<div class=\"lqd-pf-img mb-3 pos-rel border-radius-6 overflow-hidden\">\n\t\t\t\t<figure>\n\t\t\t\t\t<figure class=\"w-100\"><img decoding=\"async\" width=\"760\" height=\"520\" src=\"https:\/\/itac.es\/wp-content\/uploads\/2018\/08\/company-blog1-760x520.jpg\" class=\"w-100 wp-post-image\" alt=\"\" itemprop=\"image\" \/><\/figure>\t\t\t\t<\/figure>\n\t\t\t\t<span class=\"lqd-pf-overlay-bg lqd-overlay d-flex align-items-center justify-content-center\">\n\t\t\t\t\t<i class=\"lqd-icn-ess icon-md-arrow-forward\"><\/i>\n\t\t\t\t<\/span>\n\t\t\t<\/div>\n\n\t\t\t<div class=\"lqd-pf-details\">\n\t\t\t\t\t\t\t\t<h2 class=\"lqd-pf-title mt-0 mb-1 \">Public Finances<\/h2>\t\t\t\t<ul class=\"reset-ul inline-nav lqd-pf-cat d-inline-flex pos-rel z-index-2\"><li><a href=\"https:\/\/itac.es\/en\/portfolio-category\/finanzas-publicas-en\/\">Finanzas p\u00fablicas<\/a><\/li><\/ul>\n\t\t\t<\/div>\n\n\t\t\t<a href=\"https:\/\/itac.es\/en\/portfolio\/finanzas-publicas\/\"  class=\"lqd-overlay lqd-pf-overlay-link lqd-cc-label-trigger\"><\/a>\n\t\t<\/div>\n\t<\/article>\n\n<\/div>\n<div class=\"lqd-pf-column col-md-6 col-sm-6 col-xs-12 col-sm-6 col-xs-12 masonry-item agua-y-saneamiento-en\">\n\n\t<article id=\"post-11245\" class=\"lqd-pf-item lqd-pf-item-style-2 lqd-pf-overlay-bg-scale lqd-pf-color-custom pf-details-h-mid post-11245 liquid-portfolio type-liquid-portfolio status-publish format-standard has-post-thumbnail hentry liquid-portfolio-category-agua-y-saneamiento-en\">\n\t\t<div class=\"lqd-pf-item-inner\">\n\n\t\t\t<div class=\"lqd-pf-img mb-3 pos-rel border-radius-6 overflow-hidden\">\n\t\t\t\t<figure>\n\t\t\t\t\t<figure class=\"w-100\"><img decoding=\"async\" width=\"600\" height=\"400\" src=\"data:image\/svg+xml;charset=utf-8,%3Csvg xmlns%3D&#039;http%3A%2F%2Fwww.w3.org%2F2000%2Fsvg&#039; viewBox%3D&#039;0 0  &#039;%2F%3E\" class=\"w-100 ld-lazyload wp-post-image\" alt=\"\" itemprop=\"image\" data-src=\"https:\/\/itac.es\/wp-content\/uploads\/2023\/07\/presa-itac.jpg\" data-srcset=\"https:\/\/itac.es\/wp-content\/uploads\/2023\/07\/presa-itac.jpg 600w, https:\/\/itac.es\/wp-content\/uploads\/2023\/07\/presa-itac-300x200.jpg 300w\" data-sizes=\"(max-width: 600px) 100vw, 600px\" data-aspect=\"\" \/><\/figure>\t\t\t\t<\/figure>\n\t\t\t\t<span class=\"lqd-pf-overlay-bg lqd-overlay d-flex align-items-center justify-content-center\">\n\t\t\t\t\t<i class=\"lqd-icn-ess icon-md-arrow-forward\"><\/i>\n\t\t\t\t<\/span>\n\t\t\t<\/div>\n\n\t\t\t<div class=\"lqd-pf-details\">\n\t\t\t\t\t\t\t\t<h2 class=\"lqd-pf-title mt-0 mb-1 \">Water and Sanitation<\/h2>\t\t\t\t<ul class=\"reset-ul inline-nav lqd-pf-cat d-inline-flex pos-rel z-index-2\"><li><a href=\"https:\/\/itac.es\/en\/portfolio-category\/agua-y-saneamiento-en\/\">Agua y saneamiento<\/a><\/li><\/ul>\n\t\t\t<\/div>\n\n\t\t\t<a href=\"https:\/\/itac.es\/en\/portfolio\/copia-de-proyectos-gestion-de-cuencas\/\"  class=\"lqd-overlay lqd-pf-overlay-link lqd-cc-label-trigger\"><\/a>\n\t\t<\/div>\n\t<\/article>\n\n<\/div>\n<div class=\"lqd-pf-column col-md-6 col-sm-6 col-xs-12 col-sm-6 col-xs-12 masonry-item gestion-de-cuencas-en\">\n\n\t<article id=\"post-11196\" class=\"lqd-pf-item lqd-pf-item-style-2 lqd-pf-overlay-bg-scale lqd-pf-color-custom pf-details-h-mid post-11196 liquid-portfolio type-liquid-portfolio status-publish format-standard has-post-thumbnail hentry liquid-portfolio-category-gestion-de-cuencas-en\">\n\t\t<div class=\"lqd-pf-item-inner\">\n\n\t\t\t<div class=\"lqd-pf-img mb-3 pos-rel border-radius-6 overflow-hidden\">\n\t\t\t\t<figure>\n\t\t\t\t\t<figure class=\"w-100\"><img decoding=\"async\" width=\"600\" height=\"400\" src=\"data:image\/svg+xml;charset=utf-8,%3Csvg xmlns%3D&#039;http%3A%2F%2Fwww.w3.org%2F2000%2Fsvg&#039; viewBox%3D&#039;0 0  &#039;%2F%3E\" class=\"w-100 ld-lazyload wp-post-image\" alt=\"\" itemprop=\"image\" data-src=\"https:\/\/itac.es\/wp-content\/uploads\/2023\/07\/14.jpg\" data-srcset=\"https:\/\/itac.es\/wp-content\/uploads\/2023\/07\/14.jpg 600w, https:\/\/itac.es\/wp-content\/uploads\/2023\/07\/14-300x200.jpg 300w\" data-sizes=\"(max-width: 600px) 100vw, 600px\" data-aspect=\"\" \/><\/figure>\t\t\t\t<\/figure>\n\t\t\t\t<span class=\"lqd-pf-overlay-bg lqd-overlay d-flex align-items-center justify-content-center\">\n\t\t\t\t\t<i class=\"lqd-icn-ess icon-md-arrow-forward\"><\/i>\n\t\t\t\t<\/span>\n\t\t\t<\/div>\n\n\t\t\t<div class=\"lqd-pf-details\">\n\t\t\t\t\t\t\t\t<h2 class=\"lqd-pf-title mt-0 mb-1 \">Basin Management<\/h2>\t\t\t\t<ul class=\"reset-ul inline-nav lqd-pf-cat d-inline-flex pos-rel z-index-2\"><li><a href=\"https:\/\/itac.es\/en\/portfolio-category\/gestion-de-cuencas-en\/\">Gesti\u00f3n de cuencas<\/a><\/li><\/ul>\n\t\t\t<\/div>\n\n\t\t\t<a href=\"https:\/\/itac.es\/en\/portfolio\/projects-6-2\/\"  class=\"lqd-overlay lqd-pf-overlay-link lqd-cc-label-trigger\"><\/a>\n\t\t<\/div>\n\t<\/article>\n\n<\/div><\/div><\/div>\t\t<\/div>\n\t\t\t\t<\/div>\n\t\t\t\t<div class=\"elementor-element elementor-element-45f5d7c elementor-widget elementor-widget-shortcode\" data-id=\"45f5d7c\" data-element_type=\"widget\" data-widget_type=\"shortcode.default\">\n\t\t\t\t<div class=\"elementor-widget-container\">\n\t\t\t\t\t<div class=\"elementor-shortcode\"><div class=\"_3d-flip-book  fb3d-fullscreen-mode full-size\" data-id=\"11398\" data-mode=\"fullscreen\" data-title=\"false\" data-template=\"short-white-book-view\" data-lightbox=\"dark-shadow\" data-urlparam=\"fb3d-page\" data-page-n=\"0\" data-pdf=\"\" data-tax=\"null\" data-thumbnail=\"\" data-cols=\"3\" data-book-template=\"default\" data-trigger=\"\"><\/div><script type=\"text\/javascript\">window.FB3D_CLIENT_DATA = window.FB3D_CLIENT_DATA || [];FB3D_CLIENT_DATA.push('eyJwb3N0cyI6eyIxMTM5OCI6eyJJRCI6MTEzOTgsInRpdGxlIjoiUHJvamVjdHMiLCJ0eXBlIjoicGRmIiwicmVhZHlfZnVuY3Rpb24iOiIiLCJib29rX3N0eWxlIjoidm9sdW1lLXBhZGRpbmdzIiwiYm9va190ZW1wbGF0ZSI6Im5vbmUiLCJvdXRsaW5lIjpbXSwiZGF0YSI6eyJwb3N0X0lEIjoiMTEzOTEiLCJndWlkIjoiaHR0cHM6XC9cL2l0YWMuZXNcL3dwLWNvbnRlbnRcL3VwbG9hZHNcLzIwMjVcLzAzXC9MaXN0LW9mLVJlZmVyZW5jZXMtMjAyNC5wZGYiLCJwZGZfcGFnZXMiOiI4MiIsInBhZ2VzX2N1c3RvbWl6YXRpb24iOiJub25lIn0sInRodW1ibmFpbCI6eyJkYXRhIjp7InBvc3RfSUQiOiIwIn0sInR5cGUiOiJhdXRvIn0sInByb3BzIjp7ImJhY2tncm91bmRDb2xvciI6ImF1dG8iLCJiYWNrZ3JvdW5kSW1hZ2UiOiJhdXRvIiwiYmFja2dyb3VuZFN0eWxlIjoiYXV0byIsImhpZ2hsaWdodExpbmtzIjoiYXV0byIsImxpZ2h0aW5nIjoiYXV0byIsInNpbmdsZVBhZ2VNb2RlIjoiYXV0byIsImNhY2hlZFBhZ2VzIjoiYXV0byIsInJlbmRlckluYWN0aXZlUGFnZXMiOiJhdXRvIiwicmVuZGVySW5hY3RpdmVQYWdlc09uTW9iaWxlIjoiYXV0byIsInJlbmRlcldoaWxlRmxpcHBpbmciOiJhdXRvIiwicHJlbG9hZFBhZ2VzIjoiYXV0byIsImF1dG9QbGF5RHVyYXRpb24iOiJhdXRvIiwicnRsIjoiYXV0byIsImludGVyYWN0aXZlQ29ybmVycyI6ImF1dG8iLCJtYXhEZXB0aCI6ImF1dG8iLCJzaGVldCI6eyJzdGFydFZlbG9jaXR5IjoiYXV0byIsIndhdmUiOiJhdXRvIiwic2hhcGUiOiJhdXRvIiwid2lkdGhUZXhlbHMiOiJhdXRvIiwiY29sb3IiOiJhdXRvIiwic2lkZSI6ImF1dG8iLCJzdHJldGNoSW1hZ2VzIjoiYXV0byIsImNvcm5lckRldmlhdGlvbiI6ImF1dG8iLCJmbGV4aWJpbGl0eSI6ImF1dG8iLCJmbGV4aWJsZUNvcm5lciI6ImF1dG8iLCJiZW5kaW5nIjoiYXV0byIsImhlaWdodFRleGVscyI6ImF1dG8ifSwiY292ZXIiOnsid2F2ZSI6ImF1dG8iLCJjb2xvciI6ImF1dG8iLCJzaWRlIjoiYXV0byIsInN0cmV0Y2hJbWFnZXMiOiJhdXRvIiwiYmluZGVyVGV4dHVyZSI6ImF1dG8iLCJkZXB0aCI6ImF1dG8iLCJwYWRkaW5nIjoiYXV0byIsInN0YXJ0VmVsb2NpdHkiOiJhdXRvIiwiZmxleGliaWxpdHkiOiJhdXRvIiwiZmxleGlibGVDb3JuZXIiOiJhdXRvIiwiYmVuZGluZyI6ImF1dG8iLCJ3aWR0aFRleGVscyI6ImF1dG8iLCJoZWlnaHRUZXhlbHMiOiJhdXRvIiwibWFzcyI6ImF1dG8iLCJzaGFwZSI6ImF1dG8ifSwicGFnZSI6eyJ3YXZlIjoiYXV0byIsImNvbG9yIjoiYXV0byIsInNpZGUiOiJhdXRvIiwic3RyZXRjaEltYWdlcyI6ImF1dG8iLCJkZXB0aCI6ImF1dG8iLCJzdGFydFZlbG9jaXR5IjoiYXV0byIsImZsZXhpYmlsaXR5IjoiYXV0byIsImZsZXhpYmxlQ29ybmVyIjoiYXV0byIsImJlbmRpbmciOiJhdXRvIiwid2lkdGhUZXhlbHMiOiJhdXRvIiwiaGVpZ2h0VGV4ZWxzIjoiYXV0byIsIm1hc3MiOiJhdXRvIiwic2hhcGUiOiJhdXRvIn0sImhlaWdodCI6ImF1dG8iLCJ3aWR0aCI6ImF1dG8iLCJncmF2aXR5IjoiYXV0byIsInBhZ2VzRm9yUHJlZGljdGluZyI6ImF1dG8ifSwiY29udHJvbFByb3BzIjp7ImFjdGlvbnMiOnsiY21kVG9jIjp7ImVuYWJsZWQiOiJhdXRvIiwiZW5hYmxlZEluTmFycm93IjoiYXV0byIsImFjdGl2ZSI6ImF1dG8iLCJkZWZhdWx0VGFiIjoiYXV0byJ9LCJjbWRBdXRvUGxheSI6eyJlbmFibGVkIjoiYXV0byIsImVuYWJsZWRJbk5hcnJvdyI6ImF1dG8iLCJhY3RpdmUiOiJhdXRvIn0sImNtZFNhdmUiOnsiZW5hYmxlZCI6ImF1dG8iLCJlbmFibGVkSW5OYXJyb3ciOiJhdXRvIn0sImNtZFByaW50Ijp7ImVuYWJsZWQiOiJhdXRvIiwiZW5hYmxlZEluTmFycm93IjoiYXV0byJ9LCJjbWRTaW5nbGVQYWdlIjp7ImVuYWJsZWQiOiJhdXRvIiwiZW5hYmxlZEluTmFycm93IjoiYXV0byIsImFjdGl2ZSI6ImF1dG8iLCJhY3RpdmVGb3JNb2JpbGUiOiJhdXRvIn0sIndpZFRvb2xiYXIiOnsiZW5hYmxlZCI6ImF1dG8iLCJlbmFibGVkSW5OYXJyb3ciOiJhdXRvIn19fSwiYXV0b1RodW1ibmFpbCI6Imh0dHBzOlwvXC9pdGFjLmVzXC93cC1jb250ZW50XC91cGxvYWRzXC8zZC1mbGlwLWJvb2tcL2F1dG8tdGh1bWJuYWlsc1wvMTEzOTgucG5nIiwicG9zdF9uYW1lIjoicHJvamVjdHMiLCJwb3N0X3R5cGUiOiIzZC1mbGlwLWJvb2sifX0sInBhZ2VzIjpbXSwiZmlyc3RQYWdlcyI6W119');window.FB3D_CLIENT_LOCALE && FB3D_CLIENT_LOCALE.render && FB3D_CLIENT_LOCALE.render();<\/script><\/div>\n\t\t\t\t<\/div>\n\t\t\t\t<\/div>\n\t\t\t\t<div class=\"elementor-element elementor-element-2d071b0 elementor-widget elementor-widget-html\" data-id=\"2d071b0\" data-element_type=\"widget\" data-widget_type=\"html.default\">\n\t\t\t\t<div class=\"elementor-widget-container\">\n\t\t\t<?php if (is_page('projects-8')) : ?>\r\n<script>\r\n    document.addEventListener(\"DOMContentLoaded\", function () {\r\n        document.querySelectorAll(\"audio, video\").forEach(el => el.muted = true);\r\n    });\r\n<\/script>\r\n<?php endif; ?>\r\n\t\t<\/div>\n\t\t\t\t<\/div>\n\t\t\t\t\t<\/div>\n\t\t<\/div>\n\t\t\t\t\t\t\t<\/div>\n\t\t<\/section>\n\t\t\t\t\t\t\t<\/div>\n\t\t","protected":false},"excerpt":{"rendered":"<p>Categor\u00eda Todos Agua y saneamiento Energia Finanzas p\u00fablicas Gesti\u00f3n de cuencas Transporte Turismo TodosAgua y saneamientoEnergiaFinanzas p\u00fablicasGesti\u00f3n de cuencasTransporteTurismo Transporte Transporte Estrategias a futuro Energ\u00eda Energia Turismo Turismo Finanzas p\u00fablicas Finanzas p\u00fablicas Agua y saneamiento Agua y saneamiento Gesti\u00f3n de cuencas Gesti\u00f3n de cuencas<\/p>\n","protected":false},"author":1,"featured_media":10807,"parent":0,"menu_order":0,"comment_status":"closed","ping_status":"closed","template":"","meta":{"_acf_changed":false,"_joinchat":[],"footnotes":""},"class_list":["post-11087","page","type-page","status-publish","has-post-thumbnail","hentry"],"acf":[],"_links":{"self":[{"href":"https:\/\/itac.es\/en\/wp-json\/wp\/v2\/pages\/11087","targetHints":{"allow":["GET"]}}],"collection":[{"href":"https:\/\/itac.es\/en\/wp-json\/wp\/v2\/pages"}],"about":[{"href":"https:\/\/itac.es\/en\/wp-json\/wp\/v2\/types\/page"}],"author":[{"embeddable":true,"href":"https:\/\/itac.es\/en\/wp-json\/wp\/v2\/users\/1"}],"replies":[{"embeddable":true,"href":"https:\/\/itac.es\/en\/wp-json\/wp\/v2\/comments?post=11087"}],"version-history":[{"count":8,"href":"https:\/\/itac.es\/en\/wp-json\/wp\/v2\/pages\/11087\/revisions"}],"predecessor-version":[{"id":11409,"href":"https:\/\/itac.es\/en\/wp-json\/wp\/v2\/pages\/11087\/revisions\/11409"}],"wp:featuredmedia":[{"embeddable":true,"href":"https:\/\/itac.es\/en\/wp-json\/wp\/v2\/media\/10807"}],"wp:attachment":[{"href":"https:\/\/itac.es\/en\/wp-json\/wp\/v2\/media?parent=11087"}],"curies":[{"name":"wp","href":"https:\/\/api.w.org\/{rel}","templated":true}]}}